{"id":2127,"date":"2013-01-05T16:57:54","date_gmt":"2013-01-05T15:57:54","guid":{"rendered":"http:\/\/op.fanfiktion.de\/?page_id=2127"},"modified":"2024-08-11T21:46:26","modified_gmt":"2024-08-11T19:46:26","slug":"empfehlungen","status":"publish","type":"page","link":"https:\/\/op.fanfiktion.de\/index.php\/empfehlungen\/","title":{"rendered":"Empfehlungen"},"content":{"rendered":"<div class=\"shariff shariff-align-flex-start shariff-widget-align-flex-start\"><ul class=\"shariff-buttons theme-white orientation-horizontal buttonsize-small\"><li class=\"shariff-button twitter shariff-nocustomcolor\" style=\"background-color:#595959\"><a href=\"https:\/\/twitter.com\/share?url=https%3A%2F%2Fop.fanfiktion.de%2Findex.php%2Fempfehlungen%2F&text=Empfehlungen&via=fanfiktionde\" title=\"Bei X teilen\" aria-label=\"Bei X teilen\" role=\"button\" rel=\"noopener nofollow\" class=\"shariff-link\" style=\"; background-color:#000; color:#000\" target=\"_blank\"><span class=\"shariff-icon\" style=\"fill:#000\"><svg width=\"32px\" height=\"20px\" xmlns=\"http:\/\/www.w3.org\/2000\/svg\" viewBox=\"0 0 24 24\"><path fill=\"#000\" d=\"M14.258 10.152L23.176 0h-2.113l-7.747 8.813L7.133 0H0l9.352 13.328L0 23.973h2.113l8.176-9.309 6.531 9.309h7.133zm-2.895 3.293l-.949-1.328L2.875 1.56h3.246l6.086 8.523.945 1.328 7.91 11.078h-3.246zm0 0\"\/><\/svg><\/span><span class=\"shariff-text\" style=\"color:#000\">teilen<\/span>&nbsp;<\/a><\/li><li class=\"shariff-button reddit shariff-nocustomcolor\" style=\"background-color:#ff5700\"><a href=\"https:\/\/www.reddit.com\/submit?url=https%3A%2F%2Fop.fanfiktion.de%2Findex.php%2Fempfehlungen%2F\" title=\"Bei Reddit teilen\" aria-label=\"Bei Reddit teilen\" role=\"button\" rel=\"noopener nofollow\" class=\"shariff-link\" style=\"; background-color:#ff4500; color:#ff4500\" target=\"_blank\"><span class=\"shariff-icon\" style=\"fill:#ff4500\"><svg xmlns=\"http:\/\/www.w3.org\/2000\/svg\" viewBox=\"0 0 512 512\"><path fill=\"#ff4500\" d=\"M440.3 203.5c-15 0-28.2 6.2-37.9 15.9-35.7-24.7-83.8-40.6-137.1-42.3L293 52.3l88.2 19.8c0 21.6 17.6 39.2 39.2 39.2 22 0 39.7-18.1 39.7-39.7s-17.6-39.7-39.7-39.7c-15.4 0-28.7 9.3-35.3 22l-97.4-21.6c-4.9-1.3-9.7 2.2-11 7.1L246.3 177c-52.9 2.2-100.5 18.1-136.3 42.8-9.7-10.1-23.4-16.3-38.4-16.3-55.6 0-73.8 74.6-22.9 100.1-1.8 7.9-2.6 16.3-2.6 24.7 0 83.8 94.4 151.7 210.3 151.7 116.4 0 210.8-67.9 210.8-151.7 0-8.4-.9-17.2-3.1-25.1 49.9-25.6 31.5-99.7-23.8-99.7zM129.4 308.9c0-22 17.6-39.7 39.7-39.7 21.6 0 39.2 17.6 39.2 39.7 0 21.6-17.6 39.2-39.2 39.2-22 .1-39.7-17.6-39.7-39.2zm214.3 93.5c-36.4 36.4-139.1 36.4-175.5 0-4-3.5-4-9.7 0-13.7 3.5-3.5 9.7-3.5 13.2 0 27.8 28.5 120 29 149 0 3.5-3.5 9.7-3.5 13.2 0 4.1 4 4.1 10.2.1 13.7zm-.8-54.2c-21.6 0-39.2-17.6-39.2-39.2 0-22 17.6-39.7 39.2-39.7 22 0 39.7 17.6 39.7 39.7-.1 21.5-17.7 39.2-39.7 39.2z\"\/><\/svg><\/span><span class=\"shariff-text\" style=\"color:#ff4500\">teilen<\/span>&nbsp;<\/a><\/li><li class=\"shariff-button tumblr shariff-nocustomcolor\" style=\"background-color:#529ecc\"><a href=\"https:\/\/www.tumblr.com\/widgets\/share\/tool?posttype=link&canonicalUrl=https%3A%2F%2Fop.fanfiktion.de%2Findex.php%2Fempfehlungen%2F&tags=op.fanfiktion.de\" title=\"Bei tumblr teilen\" aria-label=\"Bei tumblr teilen\" role=\"button\" rel=\"noopener nofollow\" class=\"shariff-link\" style=\"; background-color:#36465d; color:#36465d\" target=\"_blank\"><span class=\"shariff-icon\" style=\"fill:#36465d\"><svg width=\"32px\" height=\"20px\" xmlns=\"http:\/\/www.w3.org\/2000\/svg\" viewBox=\"0 0 32 32\"><path fill=\"#36465d\" d=\"M18 14l0 7.3c0 1.9 0 2.9 0.2 3.5 0.2 0.5 0.7 1.1 1.2 1.4 0.7 0.4 1.5 0.6 2.4 0.6 1.6 0 2.6-0.2 4.2-1.3v4.8c-1.4 0.6-2.6 1-3.7 1.3-1.1 0.3-2.3 0.4-3.6 0.4-1.5 0-2.3-0.2-3.4-0.6-1.1-0.4-2.1-0.9-2.9-1.6-0.8-0.7-1.3-1.4-1.7-2.2s-0.5-1.9-0.5-3.4v-11.2h-4.3v-4.5c1.3-0.4 2.7-1 3.6-1.8 0.9-0.8 1.6-1.7 2.2-2.7 0.5-1.1 0.9-2.4 1.1-4.1h5.2l0 8h8v6h-8z\"\/><\/svg><\/span><span class=\"shariff-text\" style=\"color:#36465d\">teilen<\/span>&nbsp;<\/a><\/li><li class=\"shariff-button linkedin shariff-nocustomcolor\" style=\"background-color:#1488bf\"><a href=\"https:\/\/www.linkedin.com\/sharing\/share-offsite\/?url=https%3A%2F%2Fop.fanfiktion.de%2Findex.php%2Fempfehlungen%2F\" title=\"Bei LinkedIn teilen\" aria-label=\"Bei LinkedIn teilen\" role=\"button\" rel=\"noopener nofollow\" class=\"shariff-link\" style=\"; background-color:#0077b5; color:#0077b5\" target=\"_blank\"><span class=\"shariff-icon\" style=\"fill:#0077b5\"><svg width=\"32px\" height=\"20px\" xmlns=\"http:\/\/www.w3.org\/2000\/svg\" viewBox=\"0 0 27 32\"><path fill=\"#0077b5\" d=\"M6.2 11.2v17.7h-5.9v-17.7h5.9zM6.6 5.7q0 1.3-0.9 2.2t-2.4 0.9h0q-1.5 0-2.4-0.9t-0.9-2.2 0.9-2.2 2.4-0.9 2.4 0.9 0.9 2.2zM27.4 18.7v10.1h-5.9v-9.5q0-1.9-0.7-2.9t-2.3-1.1q-1.1 0-1.9 0.6t-1.2 1.5q-0.2 0.5-0.2 1.4v9.9h-5.9q0-7.1 0-11.6t0-5.3l0-0.9h5.9v2.6h0q0.4-0.6 0.7-1t1-0.9 1.6-0.8 2-0.3q3 0 4.9 2t1.9 6z\"\/><\/svg><\/span><span class=\"shariff-text\" style=\"color:#0077b5\">teilen<\/span>&nbsp;<\/a><\/li><li class=\"shariff-button facebook shariff-nocustomcolor\" style=\"background-color:#4273c8\"><a href=\"https:\/\/www.facebook.com\/sharer\/sharer.php?u=https%3A%2F%2Fop.fanfiktion.de%2Findex.php%2Fempfehlungen%2F\" title=\"Bei Facebook teilen\" aria-label=\"Bei Facebook teilen\" role=\"button\" rel=\"nofollow\" class=\"shariff-link\" style=\"; background-color:#3b5998; color:#3b5998\" target=\"_blank\"><span class=\"shariff-icon\" style=\"fill:#3b5998\"><svg width=\"32px\" height=\"20px\" xmlns=\"http:\/\/www.w3.org\/2000\/svg\" viewBox=\"0 0 18 32\"><path fill=\"#3b5998\" d=\"M17.1 0.2v4.7h-2.8q-1.5 0-2.1 0.6t-0.5 1.9v3.4h5.2l-0.7 5.3h-4.5v13.6h-5.5v-13.6h-4.5v-5.3h4.5v-3.9q0-3.3 1.9-5.2t5-1.8q2.6 0 4.1 0.2z\"\/><\/svg><\/span><span class=\"shariff-text\" style=\"color:#3b5998\">teilen<\/span>&nbsp;<\/a><\/li><li class=\"shariff-button info shariff-nocustomcolor\" style=\"background-color:#a8a8a8\"><a href=\"http:\/\/ct.de\/-2467514\" title=\"Weitere Informationen\" aria-label=\"Weitere Informationen\" role=\"button\" rel=\"noopener \" class=\"shariff-link\" style=\"; background-color:#999; color:#999\" target=\"_blank\"><span class=\"shariff-icon\" style=\"fill:#999\"><svg width=\"32px\" height=\"20px\" xmlns=\"http:\/\/www.w3.org\/2000\/svg\" viewBox=\"0 0 11 32\"><path fill=\"#999\" d=\"M11.4 24v2.3q0 0.5-0.3 0.8t-0.8 0.4h-9.1q-0.5 0-0.8-0.4t-0.4-0.8v-2.3q0-0.5 0.4-0.8t0.8-0.4h1.1v-6.8h-1.1q-0.5 0-0.8-0.4t-0.4-0.8v-2.3q0-0.5 0.4-0.8t0.8-0.4h6.8q0.5 0 0.8 0.4t0.4 0.8v10.3h1.1q0.5 0 0.8 0.4t0.3 0.8zM9.2 3.4v3.4q0 0.5-0.4 0.8t-0.8 0.4h-4.6q-0.4 0-0.8-0.4t-0.4-0.8v-3.4q0-0.4 0.4-0.8t0.8-0.4h4.6q0.5 0 0.8 0.4t0.4 0.8z\"\/><\/svg><\/span><\/a><\/li><\/ul><\/div><p><span style=\"color: #333333;\"><em><strong>Nachdem sich nur noch eine Handvoll User aktiv am Projekt beteiligt und immer weniger Geschichten bei uns eintrudeln, pausiert das Projekt f\u00fcrs Erste. Die Kommentarfunktion ist daher bis auf Weiteres geschlossen.<\/strong><\/em><\/span><br \/>\n<span style=\"color: #333333;\"><em><strong>Die Empfehlungen, die bis dato abgegeben wurden, werden noch ver\u00f6ffentlicht.<br \/>\nEine Info f\u00fcr alle, die nicht hier reinschauen, folgt im sonnt\u00e4glichen Social Media Empfehlungsbeitrag am 18.08.2024.<br \/>\n<\/strong><\/em><\/span><\/p>\n<p><span style=\"color: #333333;\"><em><strong>Unser herzliches Dankesch\u00f6n gilt allen, die am Projekt teilgenommen und es immerhin 6 \u00bd Jahre lang am Laufen gehalten haben. <\/strong><\/em><strong>\u2764\ufe0f<\/strong><\/span><br \/>\n<span style=\"color: #333333;\"><em><strong>Eine Wiederaufnahme ist grunds\u00e4tzlich denkbar, unter neuem Titel, unabh\u00e4ngig von Social Media Kan\u00e4len.<\/strong><\/em><\/span><\/p>\n<p style=\"text-align: left;\"><span style=\"color: #333333;\"><em><strong>Das Empfehlungsteam w\u00fcnscht einen sch\u00f6nen Sommer. Genie\u00dft den Urlaub und die Atempause vom Alltag.<\/strong> <\/em><\/span>\ud83c\udf34\u26f1\ufe0f<\/p>\n<hr \/>\n<p style=\"text-align: left;\"><del><strong><span style=\"text-decoration: underline;\">Worum geht es bei dem Projekt?<\/span><\/strong><\/del><\/p>\n<p><del>Um eure Lieblingsgeschichten, die wir \u00fcber unsere offiziellen Social Media-Kan\u00e4le empfehlen. Auf X (ehemals Twitter) sieht das beispielsweise <a href=\"https:\/\/twitter.com\/hashtag\/FFdeEmpfehlung\">so<\/a> aus. Unter dem Button <a href=\"https:\/\/op.fanfiktion.de\/index.php\/category\/empfehlungen\/\">&#8222;Vergangene Empfehlungen&#8220;<\/a> findet ihr alle Beitr\u00e4ge mit Geschichten, die im Blog bisher empfohlen wurden.<\/del><\/p>\n<p><del>Wer eine Geschichte f\u00fcr die Empfehlungen vorschlagen m\u00f6chte, sollte sich vorab die folgenden Informationen gut durchlesen:<\/del><\/p>\n<p><del><span style=\"text-decoration: underline;\"><strong>Welche Geschichten werden NICHT in die Empfehlungen aufgenommen?<\/strong><br \/>\n<\/span><\/del><\/p>\n<ul>\n<li><del>Geschichten, die als <strong>AVL<\/strong> gekennzeichnet wurden<\/del><\/li>\n<li><del>Geschichten, die gegen unsere <strong><a href=\"http:\/\/www.fanfiktion.de\/p\/rules-and-regulations\/0\">Verbote und Einschr\u00e4nkungen<\/a><\/strong> versto\u00dfen<\/del><\/li>\n<li><del>Geschichten, die <strong>nicht<\/strong> bei uns im Archiv hochgeladen wurden<\/del><\/li>\n<li><del><strong>Eigenempfehlungen<\/strong> sowie <strong>Empfehlungen eigener Geschichten \u00fcber Zweitaccounts<\/strong> werden nat\u00fcrlich <strong>nicht<\/strong> aufgenommen<\/del><\/li>\n<li><del>Als abgebrochen gekennzeichnete Geschichten, deren letztes Update 3 Jahre oder l\u00e4nger zur\u00fcckliegt<\/del><\/li>\n<\/ul>\n<p><del><strong><span style=\"text-decoration: underline;\">Welche Geschichten werden nur bedingt in die Empfehlungen aufgenommen?<\/span><\/strong><\/del><\/p>\n<ul>\n<li><del>Geschichten mit Schw\u00e4chen bei Rechtschreibung und Grammatik werden aufgenommen, solange die Fehler den Lesefluss nicht st\u00f6ren<\/del><\/li>\n<li><del>Geschichten aus der <strong>Prominente<\/strong>-Kategorie werden aufgenommen. Ausnahmen sind Geschichten aus diesem Bereich, die sich mit <strong>sensiblen Themen<\/strong> befassen. Diese sind von den Empfehlungen ausgeschlossen.<\/del><\/li>\n<li><del><strong>Geschichten, die schon einmal in den Empfehlungen waren<\/strong>, werden erst <strong>nach Ablauf eines Jahres<\/strong> erneut in die Empfehlungen aufgenommen. Ob und wann eine Geschichten zuletzt empfohlen wurde, k\u00f6nnt ihr \u00fcber die <strong>Suchfunktion des Blogs<\/strong> herausfinden. Einfach den Titel der Geschichte eingeben und die Suche starten. Sofern eine Geschichte schon einmal empfohlen wurde, erhaltet ihr als Suchergebnis den Direktlink zu eben jenem Blogeintrag, in dem der gesuchte Titel vorkam.<\/del><\/li>\n<\/ul>\n<p><del><strong><span style=\"text-decoration: underline;\">Welche Informationen geh\u00f6ren in einen Empfehlungspost?<\/span><\/strong><\/del><\/p>\n<ul>\n<li><del>Bitte achtet darauf, <strong>das Fandom<\/strong>, <strong>den Titel<\/strong> und <strong>den Autor<\/strong> im Kommentar anzugeben.<\/del><\/li>\n<li><del>Vergesst <strong>den Link<\/strong> zur Geschichte nicht. <strong>Ohne Link<\/strong> kann der Vorschlag <strong>nicht<\/strong> ber\u00fccksichtigt werden.<\/del><\/li>\n<\/ul>\n<p><del><strong><span style=\"text-decoration: underline;\">Anmerkungen:<\/span><\/strong><\/del><\/p>\n<ul>\n<li><del>Pro Kommentar <strong>ein<\/strong> Empfehlungsvorschlag<\/del><\/li>\n<li><del>Gebt euren <strong>FanFiktion.de-Benutzernamen<\/strong> an. Vorschl\u00e4ge, die anonym abgegeben wurden, werden nicht ber\u00fccksichtigt.<\/del><\/li>\n<li><del>Wenn unter einer Geschichte steht: <strong>&#8222;Kriterium nicht erf\u00fcllt [Begr\u00fcndung]&#8220;<\/strong> ist es nicht f\u00f6rderlich, eine Diskussion zu starten. Sofern eine Geschichte z.B. wegen Rechtschreibung\/Grammatik abgelehnt wurde, der Autor sich diese Begr\u00fcndung zu Herzen genommen hat und die Geschichte \u00fcberarbeitet wurde, spricht nichts dagegen, es nochmal zu versuchen.<\/del><\/li>\n<li><del>Gebt, wenn m\u00f6glich, eine <strong>Begr\u00fcndung<\/strong> an, warum ihr den Text f\u00fcr empfehlenswert haltet. Zwar werden auch Empfehlungen angenommen, bei denen keine Begr\u00fcndung angegeben wurde, potenzielle Leser m\u00f6chten aber nat\u00fcrlich wissen, warum sie eine Geschichte lesen sollten. Der Grund f\u00fcr die Empfehlung wird dann in den w\u00f6chentlichen Sammelpost mit aufgenommen.<\/del><\/li>\n<li><del>Die Kommentarsektion dieses Eintrags ist <strong>ausschlie\u00dflich<\/strong> zum Posten von Empfehlungsvorschl\u00e4gen gedacht. <strong>Kommentare anderer Art werden gel\u00f6scht<\/strong>. Bei Fragen zum Projekt: Bitte <strong>eine interne Mail<\/strong> an <a class=\"no-wrap\" href=\"https:\/\/www.fanfiktion.de\/u\/invisible+ink\"><strong>invisible ink<\/strong><\/a> schreiben.<\/del><\/li>\n<\/ul>\n<p><del><u><strong>Vorlage f\u00fcr Empfehlungen<\/strong>:<br \/>\n<\/u><\/del><br \/>\n<del>Kategorie:*<\/del><br \/>\n<del>Titel:*<\/del><br \/>\n<del>Autor:*<\/del><br \/>\n<del>Kurzbeschreibung:<\/del><br \/>\n<del>Rating &amp; Pairingtyp:<\/del><br \/>\n<del>Genre:<\/del><br \/>\n<del>Status:<\/del><br \/>\n<del>Link:*<\/del><br \/>\n<del>Grund der Empfehlung:<\/del><br \/>\n<del>Fandomkenntnis notwendig: Ja \/ Nein? (Nur bei Fanfictions ausf\u00fcllen!)<\/del><\/p>\n<p><del><em>Felder mit * m\u00fcssen ausgef\u00fcllt werden, alles andere sind freiwillige Zusatzangaben, mit denen ihr potentiellen Lesern mehr Informationen \u00fcber die Geschichte mitteilen k\u00f6nnt. Allgemein w\u00fcnschen sich einige User hier h\u00e4ufig einen Grund f\u00fcr die Empfehlung, um nachvollziehen zu k\u00f6nnen, was eine empfohlene Geschichte so besonders macht.<\/em><\/del><br \/>\n<del><em> <span class=\"usercontent\"><span id=\"ffcbox-story-topic-1\" class=\"topic-title-big h2\">Im Fanfiction-Bereich k\u00f6nnt ihr zudem vermerken, ob f\u00fcrs Verst\u00e4ndnis der Geschichte Fandom-Kenntnisse n\u00f6tig sind &#8211; oder ob man der Handlung auch gut folgen kann, wenn man das Fandom (noch) nicht kennt.<\/span><\/span><\/em><\/del><\/p>\n<p><del><strong><u>Das Empfehlungsteam besteht aus:<br \/>\n<\/u><\/strong><a href=\"https:\/\/www.fanfiktion.de\/u\/invisible+ink\" target=\"_blank\" rel=\"nofollow noopener\">invisible ink<\/a><\/del><br \/>\n<del><a href=\"https:\/\/www.fanfiktion.de\/u\/-AngelOfMusic-\" target=\"_blank\" rel=\"nofollow noopener\">-AngelOfMusic-<\/a><\/del><br \/>\n<del><a href=\"https:\/\/www.fanfiktion.de\/u\/Amunele\" target=\"_blank\" rel=\"nofollow noopener\">Amunele<\/a><\/del><br \/>\n<del><a href=\"https:\/\/www.fanfiktion.de\/u\/DieLadi\" target=\"_blank\" rel=\"nofollow noopener\">DieLadi<\/a><\/del><br \/>\n<del><a href=\"https:\/\/www.fanfiktion.de\/u\/Demelza\" target=\"_blank\" rel=\"nofollow noopener\">Demelza<\/a><\/del><br \/>\n<del><a href=\"https:\/\/www.fanfiktion.de\/u\/Funkensee\" target=\"_blank\" rel=\"nofollow noopener\">Funkensee<\/a><\/del><br \/>\n<del><a href=\"https:\/\/www.fanfiktion.de\/u\/Forbidden+to+Fly\" target=\"_blank\" rel=\"nofollow noopener\">Forbidden to Fly<\/a><\/del><br \/>\n<del><a class=\"no-wrap \" href=\"https:\/\/www.fanfiktion.de\/u\/Hazze629\">Hazze629<\/a><\/del><br \/>\n<del><a href=\"https:\/\/www.fanfiktion.de\/u\/Hexe+vom+Duesterwald\" target=\"_blank\" rel=\"nofollow noopener\">Hexe vom Duesterwald<\/a><\/del><br \/>\n<del><a href=\"https:\/\/www.fanfiktion.de\/u\/Kirushu\" data-cke-saved-href=\"https:\/\/www.fanfiktion.de\/u\/Kirushu\">Kirushu<\/a><\/del><br \/>\n<del><a href=\"https:\/\/www.fanfiktion.de\/u\/Naschi\" target=\"_blank\" rel=\"nofollow noopener\">Naschi<\/a><\/del><br \/>\n<del><a href=\"https:\/\/www.fanfiktion.de\/u\/Rose97\" target=\"_blank\" rel=\"nofollow noopener\">Rose97<\/a><\/del><br \/>\n<del><a href=\"https:\/\/www.fanfiktion.de\/u\/Tintenstreuner\" target=\"_blank\" rel=\"nofollow noopener\">Tintenstreuner<\/a><\/del><\/p>\n<p>Eine <b><u>Auflistung aller Geschichten<\/u><\/b>, die seit 2018 empfohlen wurden, findet ihr in den <strong>Favoritenlisten<\/strong> des <a href=\"https:\/\/www.fanfiktion.de\/u\/SocialMediaE-Account\" target=\"_blank\" rel=\"noopener\"><strong>SocialMediaE-Account<\/strong><\/a>s.<br \/>\n<strong>\u2022 Achtung:<\/strong> Dieser Account wurde <a href=\"https:\/\/www.fanfiktion.de\/u\/Sira-la\" target=\"_blank\" rel=\"noopener\">von einer flei\u00dfigen Userin<\/a> in Eigenregie erstellt und wird <strong>nicht<\/strong> <strong>vom FFde-Empfehlungsteam verwaltet<\/strong>. Fragen zum Aufbau der Favoritenlisten <strong>bitte per PN direkt an den Account<\/strong> richten, <strong>nicht <\/strong>ans Empfehlungsteam.<br \/>\n\u2022 \u00dcber den SocialMediaE-Account k\u00f6nnen <strong>KEINE Geschichten-Empfehlungen<\/strong> eingereicht werden.<\/p>\n","protected":false},"excerpt":{"rendered":"<p>Nachdem sich nur noch eine Handvoll User aktiv am Projekt beteiligt und immer weniger Geschichten bei uns eintrudeln, pausiert das Projekt f\u00fcrs Erste. Die Kommentarfunktion ist daher bis auf Weiteres geschlossen. Die Empfehlungen, die bis dato abgegeben wurden, werden noch ver\u00f6ffentlicht. Eine Info f\u00fcr alle, die nicht hier reinschauen, folgt im sonnt\u00e4glichen Social Media Empfehlungsbeitrag [&hellip;]<\/p>\n","protected":false},"author":4,"featured_media":0,"parent":0,"menu_order":0,"comment_status":"closed","ping_status":"closed","template":"","meta":{"_crdt_document":"","site-sidebar-layout":"default","site-content-layout":"","ast-site-content-layout":"default","site-content-style":"default","site-sidebar-style":"default","ast-global-header-display":"","ast-banner-title-visibility":"","ast-main-header-display":"","ast-hfb-above-header-display":"","ast-hfb-below-header-display":"","ast-hfb-mobile-header-display":"","site-post-title":"","ast-breadcrumbs-content":"","ast-featured-img":"","footer-sml-layout":"","ast-disable-related-posts":"","theme-transparent-header-meta":"","adv-header-id-meta":"","stick-header-meta":"","header-above-stick-meta":"","header-main-stick-meta":"","header-below-stick-meta":"","astra-migrate-meta-layouts":"set","ast-page-background-enabled":"default","ast-page-background-meta":{"desktop":{"background-color":"","background-image":"","background-repeat":"repeat","background-position":"center center","background-size":"auto","background-attachment":"scroll","background-type":"","background-media":"","overlay-type":"","overlay-color":"","overlay-opacity":"","overlay-gradient":""},"tablet":{"background-color":"","background-image":"","background-repeat":"repeat","background-position":"center center","background-size":"auto","background-attachment":"scroll","background-type":"","background-media":"","overlay-type":"","overlay-color":"","overlay-opacity":"","overlay-gradient":""},"mobile":{"background-color":"","background-image":"","background-repeat":"repeat","background-position":"center center","background-size":"auto","background-attachment":"scroll","background-type":"","background-media":"","overlay-type":"","overlay-color":"","overlay-opacity":"","overlay-gradient":""}},"ast-content-background-meta":{"desktop":{"background-color":"var(--ast-global-color-5)","background-image":"","background-repeat":"repeat","background-position":"center center","background-size":"auto","background-attachment":"scroll","background-type":"","background-media":"","overlay-type":"","overlay-color":"","overlay-opacity":"","overlay-gradient":""},"tablet":{"background-color":"var(--ast-global-color-5)","background-image":"","background-repeat":"repeat","background-position":"center center","background-size":"auto","background-attachment":"scroll","background-type":"","background-media":"","overlay-type":"","overlay-color":"","overlay-opacity":"","overlay-gradient":""},"mobile":{"background-color":"var(--ast-global-color-5)","background-image":"","background-repeat":"repeat","background-position":"center center","background-size":"auto","background-attachment":"scroll","background-type":"","background-media":"","overlay-type":"","overlay-color":"","overlay-opacity":"","overlay-gradient":""}},"footnotes":""},"class_list":["post-2127","page","type-page","status-publish","hentry"],"jetpack_shortlink":"https:\/\/wp.me\/P5GvD0-yj","jetpack_sharing_enabled":true,"_links":{"self":[{"href":"https:\/\/op.fanfiktion.de\/index.php\/wp-json\/wp\/v2\/pages\/2127","targetHints":{"allow":["GET"]}}],"collection":[{"href":"https:\/\/op.fanfiktion.de\/index.php\/wp-json\/wp\/v2\/pages"}],"about":[{"href":"https:\/\/op.fanfiktion.de\/index.php\/wp-json\/wp\/v2\/types\/page"}],"author":[{"embeddable":true,"href":"https:\/\/op.fanfiktion.de\/index.php\/wp-json\/wp\/v2\/users\/4"}],"replies":[{"embeddable":true,"href":"https:\/\/op.fanfiktion.de\/index.php\/wp-json\/wp\/v2\/comments?post=2127"}],"version-history":[{"count":46,"href":"https:\/\/op.fanfiktion.de\/index.php\/wp-json\/wp\/v2\/pages\/2127\/revisions"}],"predecessor-version":[{"id":15666,"href":"https:\/\/op.fanfiktion.de\/index.php\/wp-json\/wp\/v2\/pages\/2127\/revisions\/15666"}],"wp:attachment":[{"href":"https:\/\/op.fanfiktion.de\/index.php\/wp-json\/wp\/v2\/media?parent=2127"}],"curies":[{"name":"wp","href":"https:\/\/api.w.org\/{rel}","templated":true}]}}